{"id":670,"date":"2025-07-20T12:16:41","date_gmt":"2025-07-20T12:16:41","guid":{"rendered":"https:\/\/vilateixido.com\/?page_id=670"},"modified":"2025-07-20T12:16:41","modified_gmt":"2025-07-20T12:16:41","slug":"bienvenidos-a-vilamasram-2","status":"publish","type":"page","link":"https:\/\/vilateixido.com\/ca\/bienvenidos-a-vilamasram-2\/","title":{"rendered":"Bienvenidos a VilaMasRam"},"content":{"rendered":"<div class=\"wpb-content-wrapper\">[vc_row full_width=&#8221;stretch_row_content&#8221;][vc_column]\n\t\t\t\t<p class=\"rs-p-wp-fix\"><\/p>\n\t\t\t\t<sr7-module data-alias=\"vila-teia-11\" data-id=\"6\" id=\"SR7_6_1\" class=\"rs-ov-hidden\" data-version=\"6.7.37\">\n\t\t\t\t\t<sr7-adjuster><\/sr7-adjuster>\n\t\t\t\t\t<sr7-content>\n\t\t\t\t\t\t<sr7-slide id=\"SR7_6_1-18\" data-key=\"18\">\n\t\t\t\t\t\t\t<sr7-bg id=\"SR7_6_1-18-1\" class=\"sr7-layer\"><noscript><img src=\"https:\/\/vilateixido.com\/wp-content\/uploads\/2025\/07\/vilateixidoA.jpg\" alt=\"\" title=\"vilateixidoA\"><\/noscript><\/sr7-bg>\n\t\t\t\t\t\t<\/sr7-slide>\n\t\t\t\t\t\t<sr7-slide id=\"SR7_6_1-11\" data-key=\"11\">\n\t\t\t\t\t\t\t<sr7-bg id=\"SR7_6_1-11-1\" class=\"sr7-layer\"><noscript><img src=\"https:\/\/vilateixido.com\/wp-content\/uploads\/2025\/07\/vilateixidoB.jpg\" alt=\"\" title=\"vilateixidoB\"><\/noscript><\/sr7-bg>\n\t\t\t\t\t\t<\/sr7-slide>\n\t\t\t\t\t\t<sr7-slide id=\"SR7_6_1-17\" data-key=\"17\">\n\t\t\t\t\t\t\t<sr7-bg id=\"SR7_6_1-17-1\" class=\"sr7-layer\"><noscript><img src=\"https:\/\/vilateixido.com\/wp-content\/uploads\/2025\/07\/vilateixidoD.jpg\" alt=\"\" title=\"vilateixidoD\"><\/noscript><\/sr7-bg>\n\t\t\t\t\t\t<\/sr7-slide>\n\t\t\t\t\t\t<sr7-slide id=\"SR7_6_1-16\" data-key=\"16\">\n\t\t\t\t\t\t\t<sr7-bg id=\"SR7_6_1-16-1\" class=\"sr7-layer\"><noscript><img src=\"https:\/\/vilateixido.com\/wp-content\/uploads\/2025\/07\/vilateixidoC.jpg\" alt=\"\" title=\"vilateixidoC\"><\/noscript><\/sr7-bg>\n\t\t\t\t\t\t<\/sr7-slide>\n\t\t\t\t\t\t<sr7-slide id=\"SR7_6_1-12\" data-key=\"12\">\n\t\t\t\t\t\t<\/sr7-slide>\n\t\t\t\t\t<\/sr7-content>\n\t\t\t\t\t<image_lists style=\"display:none\">\n\t\t\t\t\t\t<img data-src=\"\/\/vilateixido.com\/wp-content\/uploads\/2025\/07\/vilateixidoB.jpg\" data-libid=\"700\" data-lib=\"medialibrary\" title=\"vilateixidoB\" width=\"0\" height=\"0\" data-dbsrc=\"Ly92aWxhdGVpeGlkby5jb20vd3AtY29udGVudC91cGxvYWRzLzIwMjUvMDcvdmlsYXRlaXhpZG9CLmpwZw==\"\/>\n\t\t\t\t\t\t<img data-src=\"\/\/vilateixido.com\/wp-content\/uploads\/2025\/07\/vilateixidoC.jpg\" data-libid=\"702\" data-lib=\"medialibrary\" title=\"vilateixidoC\" width=\"0\" height=\"0\" data-dbsrc=\"Ly92aWxhdGVpeGlkby5jb20vd3AtY29udGVudC91cGxvYWRzLzIwMjUvMDcvdmlsYXRlaXhpZG9DLmpwZw==\"\/>\n\t\t\t\t\t\t<img data-src=\"\/\/vilateixido.com\/wp-content\/uploads\/2025\/07\/vilateixidoD.jpg\" data-libid=\"704\" data-lib=\"medialibrary\" title=\"vilateixidoD\" width=\"0\" height=\"0\" data-dbsrc=\"Ly92aWxhdGVpeGlkby5jb20vd3AtY29udGVudC91cGxvYWRzLzIwMjUvMDcvdmlsYXRlaXhpZG9ELmpwZw==\"\/>\n\t\t\t\t\t\t<img data-src=\"\/\/vilateixido.com\/wp-content\/uploads\/2025\/07\/vilateixidoA.jpg\" data-libid=\"698\" data-lib=\"medialibrary\" title=\"vilateixidoA\" width=\"0\" height=\"0\" data-dbsrc=\"Ly92aWxhdGVpeGlkby5jb20vd3AtY29udGVudC91cGxvYWRzLzIwMjUvMDcvdmlsYXRlaXhpZG9BLmpwZw==\"\/>\n\t\t\t\t\t<\/image_lists>\n\t\t\t\t<\/sr7-module>\n\t\t\t\t<script>\n\t\t\t\t\tSR7.PMH ??={}; SR7.PMH[\"SR7_6_1\"] = {cn:100,state:false,fn: function() { if (_tpt!==undefined && _tpt.prepareModuleHeight !== undefined) {  _tpt.prepareModuleHeight({id:\"SR7_6_1\",el:[920,920,920,920,720],type:'standard',shdw:'0',gh:[920,920,920,920,720],gw:[2000,2000,2000,2000,480],vpt:['-100px&#039;,&#039;-100px&#039;,&#039;-100px&#039;,&#039;-100px&#039;,&#039;-100px'],size:{fullWidth:false, fullHeight:false},mh:'0',onh:0,onw:0,bg:{color:'{\"orig\":\"transparent\",\"type\":\"solid\",\"string\":\"transparent\"}'}});   SR7.PMH[\"SR7_6_1\"].state=true;} else if(SR7.PMH[\"SR7_6_1\"].cn-->0)\tsetTimeout( SR7.PMH[\"SR7_6_1\"].fn,19);}};SR7.PMH[\"SR7_6_1\" ].fn();\n\t\t\t\t<\/script>\n[\/vc_column][\/vc_row][vc_row full_width=&#8221;stretch_row_content&#8221;][vc_column][vc_column_text css=&#8221;.vc_custom_1752992603016{margin-top: -10px !important;padding-left: 1% !important;}&#8221; text_align=&#8221;left&#8221; color=&#8221;#242424&#8243; font_size=&#8221;30&#8243; font_family=&#8221;Poppins&#8221; line_height=&#8221;34px&#8221; font_weight=&#8221;800&#8243; letter_spacing=&#8221;-1px&#8221;]Tradici\u00f3n mediterr\u00e1nea en el coraz\u00f3n de Mas Ram[\/vc_column_text][vc_empty_space height=&#8221;20px&#8221;][vc_row_inner content_placement=&#8221;bottom&#8221;][vc_column_inner width=&#8221;6\/12&#8243;][vc_column_text css=&#8221;.vc_custom_1752990296481{padding-right: 5% !important;padding-left: 3% !important;}&#8221; text_align=&#8221;left&#8221; color=&#8221;#242424&#8243; font_size=&#8221;16&#8243; font_family=&#8221;Poppins&#8221; line_height=&#8221;normal&#8221; font_weight=&#8221;400&#8243;]En Vila MasRam te damos la bienvenida a un restaurante integrado en el entorno del<strong> Club Mas Ram Sports<\/strong>, donde la cocina italiana y mediterr\u00e1nea se une al ritmo del deporte y la vida social.[\/vc_column_text][\/vc_column_inner][vc_column_inner width=&#8221;3\/12&#8243; css=&#8221;.vc_custom_1750056759458{padding-right: 5% !important;padding-left: 5% !important;}&#8221;]<style>.vcex-button.vcex_69e0dce7e0b48{border-radius:var(--wpex-rounded-sm);background:#000000;color:#fefefe!important;font-size:16px;font-family:Poppins, sans-serif;}.vcex-button.vcex_69e0dce7e0b48:hover{background:#f92a2a!important;color:#ffffff!important;}<\/style><div class=\"vc_custom_1752991877027 wpex-clr\"><div class=\"theme-button-wrap textcenter theme-button-expanded-wrap wpex-clr\"><a href=\"#\" class=\"vcex-button theme-button align-center expanded expanded vcex_69e0dce7e0b48\"><span class=\"vcex-button-inner theme-button-inner wpex-flex wpex-flex-wrap wpex-items-center wpex-justify-center\">Nuestra carta<\/span><\/a><\/div><\/div> [\/vc_column_inner][vc_column_inner width=&#8221;3\/12&#8243;]<style>.vcex-button.vcex_69e0dce7e4a66{border-radius:var(--wpex-rounded-sm);background:#f92a2a;color:#fefefe!important;font-size:16px;font-family:Poppins, sans-serif;}.vcex-button.vcex_69e0dce7e4a66:hover{background:#000000!important;color:#ffffff!important;}<\/style><div class=\"vc_custom_1752991895985 wpex-clr\"><div class=\"theme-button-wrap textcenter theme-button-expanded-wrap wpex-clr\"><a href=\"#\" class=\"vcex-button theme-button align-center expanded expanded vcex_69e0dce7e4a66\"><span class=\"vcex-button-inner theme-button-inner wpex-flex wpex-flex-wrap wpex-items-center wpex-justify-center\">Reservas<\/span><\/a><\/div><\/div> [\/vc_column_inner][\/vc_row_inner][\/vc_column][\/vc_row][vc_row full_width=&#8221;stretch_row_content&#8221; content_placement=&#8221;top&#8221; equal_height=&#8221;yes&#8221; css=&#8221;.vc_custom_1752991485200{border-bottom-width: 1px !important;border-bottom-style: solid !important;border-color: #000000 !important;}&#8221;][vc_column width=&#8221;1\/2&#8243;][vc_single_image image=&#8221;526&#8243; css=&#8221;.vc_custom_1752992109055{margin-top: -60px !important;padding-top: 2% !important;padding-bottom: 2% !important;}&#8221;][\/vc_column][vc_column width=&#8221;1\/2&#8243;][vc_row_inner][vc_column_inner width=&#8221;1\/2&#8243;][vc_single_image image=&#8221;558&#8243; css=&#8221;.vc_custom_1752992057714{margin-top: -50px !important;padding-top: 2% !important;padding-bottom: 2% !important;}&#8221;][\/vc_column_inner][vc_column_inner width=&#8221;1\/2&#8243;][vc_single_image image=&#8221;566&#8243; css=&#8221;.vc_custom_1752992065955{margin-top: -50px !important;padding-top: 2% !important;padding-bottom: 2% !important;}&#8221;][\/vc_column_inner][\/vc_row_inner][vc_empty_space height=&#8221;20px&#8221;][vc_column_text css=&#8221;.vc_custom_1752992307658{margin-top: -20px !important;padding-left: 1% !important;}&#8221; text_align=&#8221;left&#8221; color=&#8221;#242424&#8243; font_size=&#8221;30&#8243; font_family=&#8221;Poppins&#8221; line_height=&#8221;34px&#8221; font_weight=&#8221;800&#8243; letter_spacing=&#8221;-1px&#8221;]Cocina con alma de club[\/vc_column_text][vc_empty_space height=&#8221;20px&#8221;][vc_column_text css=&#8221;.vc_custom_1752992572312{padding-right: 15% !important;padding-left: 1% !important;}&#8221; text_align=&#8221;left&#8221; color=&#8221;#242424&#8243; font_size=&#8221;16&#8243; font_family=&#8221;Poppins&#8221; line_height=&#8221;normal&#8221; font_weight=&#8221;400&#8243;]Te ofrecemos una propuesta gastron\u00f3mica pensada para disfrutar a cualquier hora del d\u00eda: desayunos con calma, men\u00fas diarios para recuperar energ\u00eda, platos para compartir con amigos y cenas para celebrar. Nuestro espacio, acogedor y familiar, est\u00e1 abierto tanto a socios como a visitantes.<\/p>\n<p><strong>Lunes a viernes<\/strong>: 08:00\u202f\u2013\u202f23:30h<br \/>\n<strong>S\u00e1bados:<\/strong> 08:00\u202f\u2013\u202f22:30h<br \/>\n<strong>Domingos y festivos:<\/strong> 09:00\u202f\u2013\u202f21:00h[\/vc_column_text][\/vc_column][\/vc_row]\n<\/div>","protected":false},"excerpt":{"rendered":"<p>[vc_row full_width=&#8221;stretch_row_content&#8221;][vc_column][\/vc_column][\/vc_row][vc_row full_width=&#8221;stretch_row_content&#8221;][vc_column][vc_column_text css=&#8221;.vc_custom_1752992603016{margin-top: -10px !important;padding-left: 1% !important;}&#8221; text_align=&#8221;left&#8221; color=&#8221;#242424&#8243; font_size=&#8221;30&#8243; font_family=&#8221;Poppins&#8221; line_height=&#8221;34px&#8221; font_weight=&#8221;800&#8243; letter_spacing=&#8221;-1px&#8221;]Tradici\u00f3n mediterr\u00e1nea en el coraz\u00f3n de Mas Ram[\/vc_column_text][vc_empty_space height=&#8221;20px&#8221;][vc_row_inner content_placement=&#8221;bottom&#8221;][vc_column_inner width=&#8221;6\/12&#8243;][vc_column_text css=&#8221;.vc_custom_1752990296481{padding-right: 5% !important;padding-left: 3% !important;}&#8221; text_align=&#8221;left&#8221; color=&#8221;#242424&#8243; font_size=&#8221;16&#8243; font_family=&#8221;Poppins&#8221; line_height=&#8221;normal&#8221; font_weight=&#8221;400&#8243;]En Vila MasRam te damos la bienvenida a un restaurante integrado en el entorno del Club Mas Ram Sports, donde&hellip;<\/p>\n","protected":false},"author":2,"featured_media":0,"parent":0,"menu_order":0,"comment_status":"closed","ping_status":"closed","template":"","meta":{"iawp_total_views":2,"footnotes":""},"class_list":["post-670","page","type-page","status-publish","hentry","entry","no-media"],"yoast_head":"<!-- This site is optimized with the Yoast SEO plugin v25.8 - https:\/\/yoast.com\/wordpress\/plugins\/seo\/ -->\n<title>Bienvenidos a VilaMasRam - VilaTeixid\u00f3 \u00b7 GruppoTayano<\/title>\n<meta name=\"robots\" content=\"index, follow, max-snippet:-1, max-image-preview:large, max-video-preview:-1\" \/>\n<link rel=\"canonical\" href=\"https:\/\/vilateixido.com\/ca\/bienvenidos-a-vilamasram-2\/\" \/>\n<meta property=\"og:locale\" content=\"ca_ES\" \/>\n<meta property=\"og:type\" content=\"article\" \/>\n<meta property=\"og:title\" content=\"Bienvenidos a VilaMasRam - VilaTeixid\u00f3 \u00b7 GruppoTayano\" \/>\n<meta property=\"og:description\" content=\"[vc_row full_width=&#8221;stretch_row_content&#8221;][vc_column][\/vc_column][\/vc_row][vc_row full_width=&#8221;stretch_row_content&#8221;][vc_column][vc_column_text css=&#8221;.vc_custom_1752992603016{margin-top: -10px !important;padding-left: 1% !important;}&#8221; text_align=&#8221;left&#8221; color=&#8221;#242424&#8243; font_size=&#8221;30&#8243; font_family=&#8221;Poppins&#8221; line_height=&#8221;34px&#8221; font_weight=&#8221;800&#8243; letter_spacing=&#8221;-1px&#8221;]Tradici\u00f3n mediterr\u00e1nea en el coraz\u00f3n de Mas Ram[\/vc_column_text][vc_empty_space height=&#8221;20px&#8221;][vc_row_inner content_placement=&#8221;bottom&#8221;][vc_column_inner width=&#8221;6\/12&#8243;][vc_column_text css=&#8221;.vc_custom_1752990296481{padding-right: 5% !important;padding-left: 3% !important;}&#8221; text_align=&#8221;left&#8221; color=&#8221;#242424&#8243; font_size=&#8221;16&#8243; font_family=&#8221;Poppins&#8221; line_height=&#8221;normal&#8221; font_weight=&#8221;400&#8243;]En Vila MasRam te damos la bienvenida a un restaurante integrado en el entorno del Club Mas Ram Sports, donde&hellip;\" \/>\n<meta property=\"og:url\" content=\"https:\/\/vilateixido.com\/ca\/bienvenidos-a-vilamasram-2\/\" \/>\n<meta property=\"og:site_name\" content=\"VilaTeixid\u00f3 \u00b7 GruppoTayano\" \/>\n<meta name=\"twitter:card\" content=\"summary_large_image\" \/>\n<meta name=\"twitter:label1\" content=\"Temps estimat de lectura\" \/>\n\t<meta name=\"twitter:data1\" content=\"2 minuts\" \/>\n<script type=\"application\/ld+json\" class=\"yoast-schema-graph\">{\"@context\":\"https:\/\/schema.org\",\"@graph\":[{\"@type\":\"WebPage\",\"@id\":\"https:\/\/vilateixido.com\/ca\/bienvenidos-a-vilamasram-2\/\",\"url\":\"https:\/\/vilateixido.com\/ca\/bienvenidos-a-vilamasram-2\/\",\"name\":\"Bienvenidos a VilaMasRam - VilaTeixid\u00f3 \u00b7 GruppoTayano\",\"isPartOf\":{\"@id\":\"https:\/\/vilateixido.com\/#website\"},\"datePublished\":\"2025-07-20T12:16:41+00:00\",\"breadcrumb\":{\"@id\":\"https:\/\/vilateixido.com\/ca\/bienvenidos-a-vilamasram-2\/#breadcrumb\"},\"inLanguage\":\"ca\",\"potentialAction\":[{\"@type\":\"ReadAction\",\"target\":[\"https:\/\/vilateixido.com\/ca\/bienvenidos-a-vilamasram-2\/\"]}]},{\"@type\":\"BreadcrumbList\",\"@id\":\"https:\/\/vilateixido.com\/ca\/bienvenidos-a-vilamasram-2\/#breadcrumb\",\"itemListElement\":[{\"@type\":\"ListItem\",\"position\":1,\"name\":\"Home\",\"item\":\"https:\/\/vilateixido.com\/ca\/\"},{\"@type\":\"ListItem\",\"position\":2,\"name\":\"Bienvenidos a VilaMasRam\"}]},{\"@type\":\"WebSite\",\"@id\":\"https:\/\/vilateixido.com\/#website\",\"url\":\"https:\/\/vilateixido.com\/\",\"name\":\"VilaTeixid\u00f3 \u00b7 GruppoTayano\",\"description\":\"Cetrex new project\",\"publisher\":{\"@id\":\"https:\/\/vilateixido.com\/#organization\"},\"potentialAction\":[{\"@type\":\"SearchAction\",\"target\":{\"@type\":\"EntryPoint\",\"urlTemplate\":\"https:\/\/vilateixido.com\/?s={search_term_string}\"},\"query-input\":{\"@type\":\"PropertyValueSpecification\",\"valueRequired\":true,\"valueName\":\"search_term_string\"}}],\"inLanguage\":\"ca\"},{\"@type\":\"Organization\",\"@id\":\"https:\/\/vilateixido.com\/#organization\",\"name\":\"VilaTeixid\u00f3 \u00b7 GruppoTayano\",\"url\":\"https:\/\/vilateixido.com\/\",\"logo\":{\"@type\":\"ImageObject\",\"inLanguage\":\"ca\",\"@id\":\"https:\/\/vilateixido.com\/#\/schema\/logo\/image\/\",\"url\":\"https:\/\/vilateixido.com\/wp-content\/uploads\/2025\/09\/vilateixido.png\",\"contentUrl\":\"https:\/\/vilateixido.com\/wp-content\/uploads\/2025\/09\/vilateixido.png\",\"width\":1257,\"height\":279,\"caption\":\"VilaTeixid\u00f3 \u00b7 GruppoTayano\"},\"image\":{\"@id\":\"https:\/\/vilateixido.com\/#\/schema\/logo\/image\/\"}}]}<\/script>\n<!-- \/ Yoast SEO plugin. -->","yoast_head_json":{"title":"Bienvenidos a VilaMasRam - VilaTeixid\u00f3 \u00b7 GruppoTayano","robots":{"index":"index","follow":"follow","max-snippet":"max-snippet:-1","max-image-preview":"max-image-preview:large","max-video-preview":"max-video-preview:-1"},"canonical":"https:\/\/vilateixido.com\/ca\/bienvenidos-a-vilamasram-2\/","og_locale":"ca_ES","og_type":"article","og_title":"Bienvenidos a VilaMasRam - VilaTeixid\u00f3 \u00b7 GruppoTayano","og_description":"[vc_row full_width=&#8221;stretch_row_content&#8221;][vc_column][\/vc_column][\/vc_row][vc_row full_width=&#8221;stretch_row_content&#8221;][vc_column][vc_column_text css=&#8221;.vc_custom_1752992603016{margin-top: -10px !important;padding-left: 1% !important;}&#8221; text_align=&#8221;left&#8221; color=&#8221;#242424&#8243; font_size=&#8221;30&#8243; font_family=&#8221;Poppins&#8221; line_height=&#8221;34px&#8221; font_weight=&#8221;800&#8243; letter_spacing=&#8221;-1px&#8221;]Tradici\u00f3n mediterr\u00e1nea en el coraz\u00f3n de Mas Ram[\/vc_column_text][vc_empty_space height=&#8221;20px&#8221;][vc_row_inner content_placement=&#8221;bottom&#8221;][vc_column_inner width=&#8221;6\/12&#8243;][vc_column_text css=&#8221;.vc_custom_1752990296481{padding-right: 5% !important;padding-left: 3% !important;}&#8221; text_align=&#8221;left&#8221; color=&#8221;#242424&#8243; font_size=&#8221;16&#8243; font_family=&#8221;Poppins&#8221; line_height=&#8221;normal&#8221; font_weight=&#8221;400&#8243;]En Vila MasRam te damos la bienvenida a un restaurante integrado en el entorno del Club Mas Ram Sports, donde&hellip;","og_url":"https:\/\/vilateixido.com\/ca\/bienvenidos-a-vilamasram-2\/","og_site_name":"VilaTeixid\u00f3 \u00b7 GruppoTayano","twitter_card":"summary_large_image","twitter_misc":{"Temps estimat de lectura":"2 minuts"},"schema":{"@context":"https:\/\/schema.org","@graph":[{"@type":"WebPage","@id":"https:\/\/vilateixido.com\/ca\/bienvenidos-a-vilamasram-2\/","url":"https:\/\/vilateixido.com\/ca\/bienvenidos-a-vilamasram-2\/","name":"Bienvenidos a VilaMasRam - VilaTeixid\u00f3 \u00b7 GruppoTayano","isPartOf":{"@id":"https:\/\/vilateixido.com\/#website"},"datePublished":"2025-07-20T12:16:41+00:00","breadcrumb":{"@id":"https:\/\/vilateixido.com\/ca\/bienvenidos-a-vilamasram-2\/#breadcrumb"},"inLanguage":"ca","potentialAction":[{"@type":"ReadAction","target":["https:\/\/vilateixido.com\/ca\/bienvenidos-a-vilamasram-2\/"]}]},{"@type":"BreadcrumbList","@id":"https:\/\/vilateixido.com\/ca\/bienvenidos-a-vilamasram-2\/#breadcrumb","itemListElement":[{"@type":"ListItem","position":1,"name":"Home","item":"https:\/\/vilateixido.com\/ca\/"},{"@type":"ListItem","position":2,"name":"Bienvenidos a VilaMasRam"}]},{"@type":"WebSite","@id":"https:\/\/vilateixido.com\/#website","url":"https:\/\/vilateixido.com\/","name":"VilaTeixid\u00f3 \u00b7 GruppoTayano","description":"Cetrex new project","publisher":{"@id":"https:\/\/vilateixido.com\/#organization"},"potentialAction":[{"@type":"SearchAction","target":{"@type":"EntryPoint","urlTemplate":"https:\/\/vilateixido.com\/?s={search_term_string}"},"query-input":{"@type":"PropertyValueSpecification","valueRequired":true,"valueName":"search_term_string"}}],"inLanguage":"ca"},{"@type":"Organization","@id":"https:\/\/vilateixido.com\/#organization","name":"VilaTeixid\u00f3 \u00b7 GruppoTayano","url":"https:\/\/vilateixido.com\/","logo":{"@type":"ImageObject","inLanguage":"ca","@id":"https:\/\/vilateixido.com\/#\/schema\/logo\/image\/","url":"https:\/\/vilateixido.com\/wp-content\/uploads\/2025\/09\/vilateixido.png","contentUrl":"https:\/\/vilateixido.com\/wp-content\/uploads\/2025\/09\/vilateixido.png","width":1257,"height":279,"caption":"VilaTeixid\u00f3 \u00b7 GruppoTayano"},"image":{"@id":"https:\/\/vilateixido.com\/#\/schema\/logo\/image\/"}}]}},"_links":{"self":[{"href":"https:\/\/vilateixido.com\/ca\/wp-json\/wp\/v2\/pages\/670","targetHints":{"allow":["GET"]}}],"collection":[{"href":"https:\/\/vilateixido.com\/ca\/wp-json\/wp\/v2\/pages"}],"about":[{"href":"https:\/\/vilateixido.com\/ca\/wp-json\/wp\/v2\/types\/page"}],"author":[{"embeddable":true,"href":"https:\/\/vilateixido.com\/ca\/wp-json\/wp\/v2\/users\/2"}],"replies":[{"embeddable":true,"href":"https:\/\/vilateixido.com\/ca\/wp-json\/wp\/v2\/comments?post=670"}],"version-history":[{"count":1,"href":"https:\/\/vilateixido.com\/ca\/wp-json\/wp\/v2\/pages\/670\/revisions"}],"predecessor-version":[{"id":671,"href":"https:\/\/vilateixido.com\/ca\/wp-json\/wp\/v2\/pages\/670\/revisions\/671"}],"wp:attachment":[{"href":"https:\/\/vilateixido.com\/ca\/wp-json\/wp\/v2\/media?parent=670"}],"curies":[{"name":"wp","href":"https:\/\/api.w.org\/{rel}","templated":true}]}}